{"id":303,"date":"2017-01-28T17:05:05","date_gmt":"2017-01-28T16:05:05","guid":{"rendered":"http:\/\/rotuleseffrenees.urluberlu.be\/?page_id=303"},"modified":"2026-01-28T11:46:06","modified_gmt":"2026-01-28T10:46:06","slug":"les-freres-siflingue-2","status":"publish","type":"page","link":"https:\/\/www.rotuleseffrenees.com\/index.php\/les-freres-siflingue-2\/","title":{"rendered":"LES FR\u00c8RES SIFLINGUE"},"content":{"rendered":"\n<h3 class=\"wp-block-heading\">SPECTACLE TOUT PUBLIC D\u00c8S 4 ANS&nbsp; &#8211;&nbsp; 3 x 20 minutes<\/h3>\n\n\n\n<p>Les banques sont vides. La crise s\u00e9vit. Une fratrie de bandits traine ses santiags dans le d\u00e9sert en manque de braquage : Siboule, Siballe et Sibulle. Laissez galoper votre imaginaire au rythme de leurs six flingues ! Traversez le Grand Canyon, d\u00e9boulez les pistes de ski helv\u00e9tiques, d\u00e9fiez les lois de la pesanteur dans un triptyque rocambolesque.<\/p>\n\n\n\n<p>Entre texte, mime et bruitage, un western pav\u00e9 d\u2019humour et d\u2019absurdit\u00e9s.<\/p>\n\n\n\n<figure class=\"wp-block-image\"><img loading=\"lazy\" decoding=\"async\" width=\"300\" height=\"186\" src=\"http:\/\/rotuleseffrenees.urluberlu.be\/wp-content\/uploads\/2017\/01\/IMG_7065-300x186.jpg\" alt=\"\" class=\"wp-image-237\" srcset=\"https:\/\/www.rotuleseffrenees.com\/wp-content\/uploads\/2017\/01\/IMG_7065-300x186.jpg 300w, https:\/\/www.rotuleseffrenees.com\/wp-content\/uploads\/2017\/01\/IMG_7065-768x475.jpg 768w, https:\/\/www.rotuleseffrenees.com\/wp-content\/uploads\/2017\/01\/IMG_7065-1024x633.jpg 1024w\" sizes=\"auto, (max-width: 300px) 100vw, 300px\" \/><\/figure>\n\n\n\n<p>\u00c9PISODE 1&nbsp; &#8211;&nbsp; Il \u00e9tait la crise dans l\u2019ouest, une fois !<\/p>\n\n\n\n<p class=\"has-text-align-left\">Dans la poussi\u00e8re du Far Farwest &#8211; entre banques vides et cimeti\u00e8res pleins &#8211; trois fr\u00e8res : Siballe, Sibulle et Siboule. \u00c0 leurs trousses : une crise affam\u00e9e. Heureusement pour la bourse des Siflingue, les chevaux ne consomment pas d\u2019essence&#8230;Le jour o\u00f9 l\u2019une de leurs balles tue un pauvre volatile, leur destin bascule : ils d\u00e9couvrent l\u2019existence de l\u2019Homme en Noir ! Sur les conseils d\u2019Indien Nain Jaune, les trois fr\u00e8res se lancent \u00e0 la poursuite infernule de cet inconnu et de son secret. Sous vos yeux, ils prennent leur courage \u00e0 six flingues et mordent la poussi\u00e8re du d\u00e9sert pour r\u00e9soudre cette \u00e9nigme.<\/p>\n\n\n\n<figure class=\"wp-block-image\"><img loading=\"lazy\" decoding=\"async\" width=\"300\" height=\"225\" src=\"http:\/\/rotuleseffrenees.urluberlu.be\/wp-content\/uploads\/2017\/01\/P9180028-300x225.jpg\" alt=\"\" class=\"wp-image-316\" srcset=\"https:\/\/www.rotuleseffrenees.com\/wp-content\/uploads\/2017\/01\/P9180028-300x225.jpg 300w, https:\/\/www.rotuleseffrenees.com\/wp-content\/uploads\/2017\/01\/P9180028-768x576.jpg 768w, https:\/\/www.rotuleseffrenees.com\/wp-content\/uploads\/2017\/01\/P9180028-1024x768.jpg 1024w\" sizes=\"auto, (max-width: 300px) 100vw, 300px\" \/><\/figure>\n\n\n\n<p>\u00c9PISODE 2&nbsp; &#8211;&nbsp; Ceci n\u2019est pas une louche !<\/p>\n\n\n\n<p>La crise fait toujours rage \u00e0 Westmalle City et nos trois bandits d\u00e9sesp\u00e8rent, leur cote d\u2019impopularit\u00e9 a chut\u00e9 en fl\u00e8che. Lorsqu\u2019ils aper\u00e7oivent une diligence sertie de diamants, ils se croient sauv\u00e9s. Mais quelle n\u2019est pas leur surprise quand ils d\u00e9couvrent, cach\u00e9 \u00e0 l\u2019int\u00e9rieur, Indien Nain Jaune ! Celui qu\u2019ils pensaient \u00eatre leur alli\u00e9 est en fait un usurpateur.\u2028Bless\u00e9s dans leur honneur, les Fr\u00e8res Siflingue d\u00e9cident de se venger. Leur seule piste : une louche. Cet objet les m\u00e8ne au sommet du banditisme international.<\/p>\n\n\n\n<p>\u00c9PISODE 3&nbsp; &#8211;&nbsp; Le P\u00e8re, le Fisc et le Simple d&rsquo;Esprit<\/p>\n\n\n\n<p>Les Siflingue sont devenus tr\u00e8s riches. Ils flambent leur argent dans une \u00eele et un parc<br>d&rsquo;attraction o\u00f9 ils vivent paisiblement. Mais c&rsquo;est sans compter sur l&rsquo;arriv\u00e9e d&rsquo;une \u00e9trange trinit\u00e9 : le P\u00e8re, le Fisc et le Simple d&rsquo;Esprit. Int\u00e9ress\u00e9s par les nouveaux riches que sont d\u00e9sormais les Siflingue, ils comptent bien leur mettre la main dessus pour agrandir la famille des \u00e9vad\u00e9s fiscaux. Les Siflingue, pris au pi\u00e8ge par ce trio malfaisant, ne se laisseront bien s\u00fbr pas faire&#8230;<\/p>\n\n\n\n<p><\/p>\n\n\n\n<p>Tourn\u00e9e entre 2014 et 2018 notamment \u00e0 Sortil\u00e8ges rue et vous (Be), Les Tailleurs (Be), Bitume Festival (Be), Th\u00e9\u00e2tres Nomades (Be), la Plage des Six Pompes (Ch), le Palp festival (Ch), Jonglagogo (Fr), H\u00e9risson sous Gazon (Ch), Le Cabaret Vert (Fr),\u00a0 les Echapp\u00e9es Belles (Fr), Epinal rue et cies (Fr).<\/p>\n","protected":false},"excerpt":{"rendered":"<p>SPECTACLE TOUT PUBLIC D\u00c8S 4 ANS&nbsp; &#8211;&nbsp; 3 x 20 minutes Les banques sont vides. La crise s\u00e9vit. Une fratrie de bandits traine ses santiags dans le d\u00e9sert en manque de braquage : Siboule, Siballe et Sibulle. Laissez galoper votre imaginaire au rythme de leurs six flingues ! Traversez le Grand Canyon, d\u00e9boulez les pistes &hellip; <\/p>\n<p class=\"link-more\"><a href=\"https:\/\/www.rotuleseffrenees.com\/index.php\/les-freres-siflingue-2\/\" class=\"more-link\">Continuer la lecture<span class=\"screen-reader-text\"> de &laquo;&nbsp;LES FR\u00c8RES SIFLINGUE&nbsp;&raquo;<\/span><\/a><\/p>\n","protected":false},"author":1,"featured_media":0,"parent":0,"menu_order":0,"comment_status":"closed","ping_status":"closed","template":"","meta":{"footnotes":""},"class_list":["post-303","page","type-page","status-publish","hentry"],"_links":{"self":[{"href":"https:\/\/www.rotuleseffrenees.com\/index.php\/wp-json\/wp\/v2\/pages\/303","targetHints":{"allow":["GET"]}}],"collection":[{"href":"https:\/\/www.rotuleseffrenees.com\/index.php\/wp-json\/wp\/v2\/pages"}],"about":[{"href":"https:\/\/www.rotuleseffrenees.com\/index.php\/wp-json\/wp\/v2\/types\/page"}],"author":[{"embeddable":true,"href":"https:\/\/www.rotuleseffrenees.com\/index.php\/wp-json\/wp\/v2\/users\/1"}],"replies":[{"embeddable":true,"href":"https:\/\/www.rotuleseffrenees.com\/index.php\/wp-json\/wp\/v2\/comments?post=303"}],"version-history":[{"count":11,"href":"https:\/\/www.rotuleseffrenees.com\/index.php\/wp-json\/wp\/v2\/pages\/303\/revisions"}],"predecessor-version":[{"id":1028,"href":"https:\/\/www.rotuleseffrenees.com\/index.php\/wp-json\/wp\/v2\/pages\/303\/revisions\/1028"}],"wp:attachment":[{"href":"https:\/\/www.rotuleseffrenees.com\/index.php\/wp-json\/wp\/v2\/media?parent=303"}],"curies":[{"name":"wp","href":"https:\/\/api.w.org\/{rel}","templated":true}]}}