{"id":54,"date":"2017-01-26T19:31:49","date_gmt":"2017-01-26T18:31:49","guid":{"rendered":"http:\/\/rotuleseffrenees.urluberlu.be\/?page_id=54"},"modified":"2026-01-28T14:31:07","modified_gmt":"2026-01-28T13:31:07","slug":"contact","status":"publish","type":"page","link":"https:\/\/www.rotuleseffrenees.com\/","title":{"rendered":"La compagnie"},"content":{"rendered":"<p>Cr\u00e9\u00e9e en 2014, la Cie des Rotules effr\u00e9n\u00e9es fonce dans toutes les \u00e9motions pour colorier son imaginaire du bout des doigts et du fond de ses tripes. Faire, d\u00e9faire, refaire, jeter, rechercher, modeler, changer, recommencer et proposer de passer \u00e0 table. La table de cette race appel\u00e9e \u00ab utopiste \u00bb. Ceux qui luttent pour arr\u00eater le temps, pour cr\u00e9er un instant hors des montres et de la course aux aiguilles folles.<br \/>\nOui, c\u2019est \u00e7a leur r\u00eave : inviter une poign\u00e9e de personnes \u00e0 d\u00e9guster leur plateau. Proposer un voyage dans l\u2019ailleurs, du c\u00f4t\u00e9 du rire et de l\u2019\u00e9merveillement. Se d\u00e9boussoler l\u2019estomac ensemble pour sortir de table un peu chamboul\u00e9, un peu diff\u00e9rent, un peu critique qui sait ?!<\/p>\n<p>Leurs mets creusent dans le corporel, \u00e0 la table des plus jeunes avec des spectacles de marionnettes ou pour un large public en rue avec des formes burlesques.<\/p>\n","protected":false},"excerpt":{"rendered":"<p>Cr\u00e9\u00e9e en 2014, la Cie des Rotules effr\u00e9n\u00e9es fonce dans toutes les \u00e9motions pour colorier son imaginaire du bout des doigts et du fond de ses tripes. Faire, d\u00e9faire, refaire, jeter, rechercher, modeler, changer, recommencer et proposer de passer \u00e0 table. La table de cette race appel\u00e9e \u00ab utopiste \u00bb. Ceux qui luttent pour arr\u00eater &hellip; <\/p>\n<p class=\"link-more\"><a href=\"https:\/\/www.rotuleseffrenees.com\/\" class=\"more-link\">Continuer la lecture<span class=\"screen-reader-text\"> de &laquo;&nbsp;La compagnie&nbsp;&raquo;<\/span><\/a><\/p>\n","protected":false},"author":1,"featured_media":0,"parent":0,"menu_order":0,"comment_status":"closed","ping_status":"closed","template":"","meta":{"footnotes":""},"class_list":["post-54","page","type-page","status-publish","hentry"],"_links":{"self":[{"href":"https:\/\/www.rotuleseffrenees.com\/index.php\/wp-json\/wp\/v2\/pages\/54","targetHints":{"allow":["GET"]}}],"collection":[{"href":"https:\/\/www.rotuleseffrenees.com\/index.php\/wp-json\/wp\/v2\/pages"}],"about":[{"href":"https:\/\/www.rotuleseffrenees.com\/index.php\/wp-json\/wp\/v2\/types\/page"}],"author":[{"embeddable":true,"href":"https:\/\/www.rotuleseffrenees.com\/index.php\/wp-json\/wp\/v2\/users\/1"}],"replies":[{"embeddable":true,"href":"https:\/\/www.rotuleseffrenees.com\/index.php\/wp-json\/wp\/v2\/comments?post=54"}],"version-history":[{"count":9,"href":"https:\/\/www.rotuleseffrenees.com\/index.php\/wp-json\/wp\/v2\/pages\/54\/revisions"}],"predecessor-version":[{"id":1073,"href":"https:\/\/www.rotuleseffrenees.com\/index.php\/wp-json\/wp\/v2\/pages\/54\/revisions\/1073"}],"wp:attachment":[{"href":"https:\/\/www.rotuleseffrenees.com\/index.php\/wp-json\/wp\/v2\/media?parent=54"}],"curies":[{"name":"wp","href":"https:\/\/api.w.org\/{rel}","templated":true}]}}