{"id":565,"date":"2020-03-12T10:36:55","date_gmt":"2020-03-12T09:36:55","guid":{"rendered":"http:\/\/www.rotuleseffrenees.com\/?page_id=565"},"modified":"2026-01-28T12:03:59","modified_gmt":"2026-01-28T11:03:59","slug":"le-festival-avance-ou-rotules-2","status":"publish","type":"page","link":"https:\/\/www.rotuleseffrenees.com\/index.php\/le-festival-avance-ou-rotules-2\/","title":{"rendered":"Festival Avance ou rotules"},"content":{"rendered":"\n<p><\/p>\n\n\n\n<p>En parall\u00e8le de ses cr\u00e9ations, la compagnie des Rotules effr\u00e9n\u00e9es organise depuis 2016 un petit festival familial et festif dans une petite contr\u00e9e lointaine&#8230; <\/p>\n\n\n\n<p>C&rsquo;est dans le Parc des Oblats de Velaines (Hainaut) qu&rsquo;elle accueille en septembre spectacles et concerts. <\/p>\n\n\n\n<p><\/p>\n\n\n\n<figure class=\"wp-block-image size-full\"><img loading=\"lazy\" decoding=\"async\" width=\"4608\" height=\"3456\" src=\"https:\/\/www.rotuleseffrenees.com\/wp-content\/uploads\/2017\/01\/P9180076.jpg\" alt=\"\" class=\"wp-image-151\" srcset=\"https:\/\/www.rotuleseffrenees.com\/wp-content\/uploads\/2017\/01\/P9180076.jpg 4608w, https:\/\/www.rotuleseffrenees.com\/wp-content\/uploads\/2017\/01\/P9180076-300x225.jpg 300w, https:\/\/www.rotuleseffrenees.com\/wp-content\/uploads\/2017\/01\/P9180076-768x576.jpg 768w, https:\/\/www.rotuleseffrenees.com\/wp-content\/uploads\/2017\/01\/P9180076-1024x768.jpg 1024w\" sizes=\"auto, (max-width: 706px) 89vw, (max-width: 767px) 82vw, 740px\" \/><figcaption class=\"wp-element-caption\">OLYMPUS DIGITAL CAMERA<\/figcaption><\/figure>\n\n\n\n<h2 class=\"wp-block-heading\"> <\/h2>\n\n\n\n<p><\/p>\n\n\n\n<div class=\"wp-block-buttons is-content-justification-center is-layout-flex wp-container-core-buttons-is-layout-16018d1d wp-block-buttons-is-layout-flex\">\n<div class=\"wp-block-button is-style-outline is-style-outline--1\"><a class=\"wp-block-button__link wp-element-button\" href=\"https:\/\/www.rotuleseffrenees.com\/index.php\/le-festival-avance-ou-rotules-2\/avance-ou-rotules-2023\/\" style=\"border-radius:15px\">LE PROGRAMME DE L&rsquo;EDITION 2023 <\/a><\/div>\n<\/div>\n\n\n\n<p><\/p>\n","protected":false},"excerpt":{"rendered":"<p>En parall\u00e8le de ses cr\u00e9ations, la compagnie des Rotules effr\u00e9n\u00e9es organise depuis 2016 un petit festival familial et festif dans une petite contr\u00e9e lointaine&#8230; C&rsquo;est dans le Parc des Oblats de Velaines (Hainaut) qu&rsquo;elle accueille en septembre spectacles et concerts.<\/p>\n","protected":false},"author":1,"featured_media":1030,"parent":0,"menu_order":0,"comment_status":"closed","ping_status":"closed","template":"","meta":{"footnotes":""},"class_list":["post-565","page","type-page","status-publish","has-post-thumbnail","hentry"],"_links":{"self":[{"href":"https:\/\/www.rotuleseffrenees.com\/index.php\/wp-json\/wp\/v2\/pages\/565","targetHints":{"allow":["GET"]}}],"collection":[{"href":"https:\/\/www.rotuleseffrenees.com\/index.php\/wp-json\/wp\/v2\/pages"}],"about":[{"href":"https:\/\/www.rotuleseffrenees.com\/index.php\/wp-json\/wp\/v2\/types\/page"}],"author":[{"embeddable":true,"href":"https:\/\/www.rotuleseffrenees.com\/index.php\/wp-json\/wp\/v2\/users\/1"}],"replies":[{"embeddable":true,"href":"https:\/\/www.rotuleseffrenees.com\/index.php\/wp-json\/wp\/v2\/comments?post=565"}],"version-history":[{"count":12,"href":"https:\/\/www.rotuleseffrenees.com\/index.php\/wp-json\/wp\/v2\/pages\/565\/revisions"}],"predecessor-version":[{"id":1042,"href":"https:\/\/www.rotuleseffrenees.com\/index.php\/wp-json\/wp\/v2\/pages\/565\/revisions\/1042"}],"wp:featuredmedia":[{"embeddable":true,"href":"https:\/\/www.rotuleseffrenees.com\/index.php\/wp-json\/wp\/v2\/media\/1030"}],"wp:attachment":[{"href":"https:\/\/www.rotuleseffrenees.com\/index.php\/wp-json\/wp\/v2\/media?parent=565"}],"curies":[{"name":"wp","href":"https:\/\/api.w.org\/{rel}","templated":true}]}}