{"id":653,"date":"2021-05-12T17:03:17","date_gmt":"2021-05-12T15:03:17","guid":{"rendered":"http:\/\/www.rotuleseffrenees.com\/?page_id=653"},"modified":"2021-05-12T17:54:08","modified_gmt":"2021-05-12T15:54:08","slug":"sacre-momans-2","status":"publish","type":"page","link":"https:\/\/www.rotuleseffrenees.com\/index.php\/sacre-momans-2\/","title":{"rendered":"Sacr\u00e9 m\u00f4mans"},"content":{"rendered":"\n<p>duo de clownes<\/p>\n\n\n\n<figure class=\"wp-block-image size-large\"><img loading=\"lazy\" decoding=\"async\" width=\"1024\" height=\"577\" src=\"http:\/\/www.rotuleseffrenees.com\/wp-content\/uploads\/2021\/05\/P1088242-1-1024x577.jpg\" alt=\"\" class=\"wp-image-660\" srcset=\"https:\/\/www.rotuleseffrenees.com\/wp-content\/uploads\/2021\/05\/P1088242-1-1024x577.jpg 1024w, https:\/\/www.rotuleseffrenees.com\/wp-content\/uploads\/2021\/05\/P1088242-1-300x169.jpg 300w, https:\/\/www.rotuleseffrenees.com\/wp-content\/uploads\/2021\/05\/P1088242-1-768x433.jpg 768w, https:\/\/www.rotuleseffrenees.com\/wp-content\/uploads\/2021\/05\/P1088242-1-1536x865.jpg 1536w, https:\/\/www.rotuleseffrenees.com\/wp-content\/uploads\/2021\/05\/P1088242-1-2048x1154.jpg 2048w\" sizes=\"auto, (max-width: 706px) 89vw, (max-width: 767px) 82vw, 740px\" \/><\/figure>\n\n\n\n<p>Spectacle tout public d\u00e8s 5 ans. <\/p>\n\n\n\n<p><em>C&rsquo;est la reprise des spectacles &#8230; enfin !                                                                                                       Deux mamans se r\u00e9jouissent de ressortir apr\u00e8s plusieurs mois \u00e0 pouponner.  Et quoi de mieux pour \u00e7a qu&rsquo;un spectacle sur les ann\u00e9es 80.  Un retour explosif vers les paillettes et le fluo<\/em>, en compagnie de b\u00e9b\u00e9 ! <\/p>\n\n\n\n<p class=\"has-text-align-left\"><strong>Sacr\u00e9 m\u00f4mans<\/strong> aborde la maternit\u00e9. Avec humour et d\u00e9mesure, deux clownes l\u00e8vent le voile sur l&rsquo;aspect \u00e9dulcor\u00e9 de la naissance et la pression de la \u00ab\u00a0super maman\u00a0\u00bb. Elles viennent assister \u00e0 un spectacle avec leur petit mais vont tr\u00e8s vite prendre le devant de la sc\u00e8ne. Pas facile de g\u00e9rer les besoins primaires de son b\u00e9b\u00e9 face aux regards des autres ni le tiraillement entre ses envies de l\u00e2cher prise, de moment \u00e0 soi et sa responsabilit\u00e9 de m\u00e8re.<br>Les clownes jouent avec les d\u00e9r\u00e8glements de la maternit\u00e9. Ceux de l\u2019espace et du temps mais aussi du corps entre divin et bovin, appr\u00eat\u00e9 et oubli\u00e9&nbsp;! Elles jonglent avec leurs tornades \u00e9motionnelles et cherchent un espace tragi-comique qui puisse faire \u00e9cho \u00e0 chacun.<\/p>\n","protected":false},"excerpt":{"rendered":"<p>duo de clownes Spectacle tout public d\u00e8s 5 ans. C&rsquo;est la reprise des spectacles &#8230; enfin ! Deux mamans se r\u00e9jouissent de ressortir apr\u00e8s plusieurs mois \u00e0 pouponner. Et quoi de mieux pour \u00e7a qu&rsquo;un spectacle sur les ann\u00e9es 80. Un retour explosif vers les paillettes et le fluo, en compagnie de b\u00e9b\u00e9 ! Sacr\u00e9 &hellip; <\/p>\n<p class=\"link-more\"><a href=\"https:\/\/www.rotuleseffrenees.com\/index.php\/sacre-momans-2\/\" class=\"more-link\">Continuer la lecture<span class=\"screen-reader-text\"> de &laquo;&nbsp;Sacr\u00e9 m\u00f4mans&nbsp;&raquo;<\/span><\/a><\/p>\n","protected":false},"author":1,"featured_media":656,"parent":0,"menu_order":0,"comment_status":"closed","ping_status":"closed","template":"","meta":{"footnotes":""},"class_list":["post-653","page","type-page","status-publish","has-post-thumbnail","hentry"],"_links":{"self":[{"href":"https:\/\/www.rotuleseffrenees.com\/index.php\/wp-json\/wp\/v2\/pages\/653","targetHints":{"allow":["GET"]}}],"collection":[{"href":"https:\/\/www.rotuleseffrenees.com\/index.php\/wp-json\/wp\/v2\/pages"}],"about":[{"href":"https:\/\/www.rotuleseffrenees.com\/index.php\/wp-json\/wp\/v2\/types\/page"}],"author":[{"embeddable":true,"href":"https:\/\/www.rotuleseffrenees.com\/index.php\/wp-json\/wp\/v2\/users\/1"}],"replies":[{"embeddable":true,"href":"https:\/\/www.rotuleseffrenees.com\/index.php\/wp-json\/wp\/v2\/comments?post=653"}],"version-history":[{"count":5,"href":"https:\/\/www.rotuleseffrenees.com\/index.php\/wp-json\/wp\/v2\/pages\/653\/revisions"}],"predecessor-version":[{"id":768,"href":"https:\/\/www.rotuleseffrenees.com\/index.php\/wp-json\/wp\/v2\/pages\/653\/revisions\/768"}],"wp:featuredmedia":[{"embeddable":true,"href":"https:\/\/www.rotuleseffrenees.com\/index.php\/wp-json\/wp\/v2\/media\/656"}],"wp:attachment":[{"href":"https:\/\/www.rotuleseffrenees.com\/index.php\/wp-json\/wp\/v2\/media?parent=653"}],"curies":[{"name":"wp","href":"https:\/\/api.w.org\/{rel}","templated":true}]}}