{"id":655,"date":"2021-05-12T17:08:45","date_gmt":"2021-05-12T15:08:45","guid":{"rendered":"http:\/\/www.rotuleseffrenees.com\/?page_id=655"},"modified":"2026-01-28T15:27:56","modified_gmt":"2026-01-28T14:27:56","slug":"sacre-momans","status":"publish","type":"page","link":"https:\/\/www.rotuleseffrenees.com\/index.php\/sacre-momans\/","title":{"rendered":"SACRE M\u00d4MANS"},"content":{"rendered":"\r\n<h2 class=\"wp-block-heading has-text-color has-large-font-size\" style=\"color: #df059b;\"><strong>SACRE M\u00d4MANS<\/strong><\/h2>\r\n\r\n\r\n\r\n<figure class=\"wp-block-gallery has-nested-images columns-default is-cropped wp-block-gallery-1 is-layout-flex wp-block-gallery-is-layout-flex\">\r\n<figure class=\"wp-block-image size-large\"><img loading=\"lazy\" decoding=\"async\" width=\"1024\" height=\"738\" data-id=\"984\" class=\"wp-image-984\" src=\"https:\/\/www.rotuleseffrenees.com\/wp-content\/uploads\/2025\/06\/Rideau1-1024x738.jpg\" alt=\"\" srcset=\"https:\/\/www.rotuleseffrenees.com\/wp-content\/uploads\/2025\/06\/Rideau1-1024x738.jpg 1024w, https:\/\/www.rotuleseffrenees.com\/wp-content\/uploads\/2025\/06\/Rideau1-300x216.jpg 300w, https:\/\/www.rotuleseffrenees.com\/wp-content\/uploads\/2025\/06\/Rideau1-768x553.jpg 768w, https:\/\/www.rotuleseffrenees.com\/wp-content\/uploads\/2025\/06\/Rideau1-1536x1106.jpg 1536w, https:\/\/www.rotuleseffrenees.com\/wp-content\/uploads\/2025\/06\/Rideau1.jpg 2016w\" sizes=\"auto, (max-width: 706px) 89vw, (max-width: 767px) 82vw, 740px\" \/><\/figure>\r\n<\/figure>\r\n\r\n\r\n\r\n<p><strong>Spectacle tout public &#8211; clown <\/strong><\/p>\r\n\r\n\r\n\r\n<p>dur\u00e9e : 45 minutes<\/p>\r\n\r\n\r\n\r\n<p>\u00e2ge : d\u00e8s 3 ans<\/p>\r\n\r\n\r\n\r\n<p>&nbsp;<\/p>\r\n\r\n\r\n\r\n<p><em>Marl\u00e8ne et Gladys \u00e9mergent de plusieurs mois \u00e0 pouponner. B\u00e9b\u00e9s par\u00e9s et landaus pimp\u00e9s, ces \u00ab\u00a0Sacr\u00e9 m\u00f4mans\u00a0\u00bb ont rendez-vous avec un spectacle paillettes et ann\u00e9es 80.<\/em><\/p>\r\n\r\n\r\n\r\n<p>&nbsp;<\/p>\r\n\r\n\r\n\r\n<p class=\"has-white-color has-text-color\"><strong>Sacr\u00e9 m\u00f4mans<\/strong> aborde la maternit\u00e9. Avec humour et d\u00e9mesure, deux clownes l\u00e8vent le voile sur l&rsquo;aspect \u00e9dulcor\u00e9 de la naissance et la pression de la \u00ab\u00a0super maman\u00a0\u00bb. Elles viennent assister \u00e0 un spectacle avec leur petit mais vont tr\u00e8s vite prendre le devant de la sc\u00e8ne. Doudou, lait ou linguette, pas facile de g\u00e9rer les besoins primaires de son b\u00e9b\u00e9 face aux regards des autres ni le tiraillement entre ses envies de l\u00e2cher prise, de moment \u00e0 soi et sa responsabilit\u00e9 de m\u00e8re. Les clownes jouent avec les d\u00e9r\u00e8glements de la maternit\u00e9. Ceux de l\u2019espace et du temps mais aussi du corps, entre divin et bovin, appr\u00eat\u00e9 et oubli\u00e9\u00a0! Elles jonglent avec leurs tornades \u00e9motionnelles et cherchent un espace tragi-comique qui puisse faire \u00e9cho \u00e0 chacun.e.<\/p>\r\n\r\n\r\n\r\n<p>&nbsp;<\/p>\r\n\r\n\r\n\r\n<p class=\"has-text-color\" style=\"color: #df059b;\"><span class=\"tadv-color\" style=\"color: #0693e3;\">L&rsquo;\u00e9quipe :<\/span><\/p>\r\n\r\n\r\n\r\n<p>Mise en sc\u00e8ne &#8211; Xavier Bouvier <em>(Okidok)<\/em> et Amanda Kibble<\/p>\r\n\r\n\r\n\r\n<p>Interpr\u00e9tation &#8211; Mathilde Bernadac et Citlalli Ramirez-Mauroy<\/p>\r\n\r\n\r\n\r\n<p>Technique &#8211; Cathel Van Renterghem<\/p>\r\n\r\n\r\n\r\n<p>Accessoires &#8211; S\u00e9bastien Boucherit<\/p>\r\n\r\n\r\n\r\n<p>Costumes &#8211; Albane Roche-Michoudet et Marine Vanhaesendonck<\/p>\r\n\r\n\r\n\r\n<p>&nbsp;<\/p>\r\n\r\n\r\n\r\n<p>&nbsp;<\/p>\r\n\r\n\r\n\r\n<p>&nbsp;<\/p>\r\n\r\n\r\n\r\n<figure class=\"wp-block-gallery has-nested-images columns-default is-cropped wp-block-gallery-2 is-layout-flex wp-block-gallery-is-layout-flex\">\r\n<figure class=\"wp-block-image size-full\"><img loading=\"lazy\" decoding=\"async\" width=\"1024\" height=\"731\" data-id=\"1004\" class=\"wp-image-1004\" src=\"https:\/\/www.rotuleseffrenees.com\/wp-content\/uploads\/2025\/06\/SacreMomans-3-Julie-de-Bellaing-1.jpg\" alt=\"\" srcset=\"https:\/\/www.rotuleseffrenees.com\/wp-content\/uploads\/2025\/06\/SacreMomans-3-Julie-de-Bellaing-1.jpg 1024w, https:\/\/www.rotuleseffrenees.com\/wp-content\/uploads\/2025\/06\/SacreMomans-3-Julie-de-Bellaing-1-300x214.jpg 300w, https:\/\/www.rotuleseffrenees.com\/wp-content\/uploads\/2025\/06\/SacreMomans-3-Julie-de-Bellaing-1-768x548.jpg 768w\" sizes=\"auto, (max-width: 706px) 89vw, (max-width: 767px) 82vw, 740px\" \/><\/figure>\r\n\r\n\r\n\r\n<figure class=\"wp-block-image size-full\"><img loading=\"lazy\" decoding=\"async\" width=\"1024\" height=\"732\" data-id=\"999\" class=\"wp-image-999\" src=\"https:\/\/www.rotuleseffrenees.com\/wp-content\/uploads\/2025\/06\/SacreMomans-15-2.jpg\" alt=\"\" srcset=\"https:\/\/www.rotuleseffrenees.com\/wp-content\/uploads\/2025\/06\/SacreMomans-15-2.jpg 1024w, https:\/\/www.rotuleseffrenees.com\/wp-content\/uploads\/2025\/06\/SacreMomans-15-2-300x214.jpg 300w, https:\/\/www.rotuleseffrenees.com\/wp-content\/uploads\/2025\/06\/SacreMomans-15-2-768x549.jpg 768w\" sizes=\"auto, (max-width: 706px) 89vw, (max-width: 767px) 82vw, 740px\" \/><\/figure>\r\n\r\n\r\n\r\n<figure class=\"wp-block-image size-full\"><img loading=\"lazy\" decoding=\"async\" width=\"1024\" height=\"731\" data-id=\"1006\" class=\"wp-image-1006\" src=\"https:\/\/www.rotuleseffrenees.com\/wp-content\/uploads\/2025\/06\/SacreMomans-10-Julie-de-Bellaing.jpg\" alt=\"\" srcset=\"https:\/\/www.rotuleseffrenees.com\/wp-content\/uploads\/2025\/06\/SacreMomans-10-Julie-de-Bellaing.jpg 1024w, https:\/\/www.rotuleseffrenees.com\/wp-content\/uploads\/2025\/06\/SacreMomans-10-Julie-de-Bellaing-300x214.jpg 300w, https:\/\/www.rotuleseffrenees.com\/wp-content\/uploads\/2025\/06\/SacreMomans-10-Julie-de-Bellaing-768x548.jpg 768w\" sizes=\"auto, (max-width: 706px) 89vw, (max-width: 767px) 82vw, 740px\" \/><\/figure>\r\n\r\n\r\n\r\n<figure class=\"wp-block-image size-large\"><img loading=\"lazy\" decoding=\"async\" width=\"1024\" height=\"684\" data-id=\"995\" class=\"wp-image-995\" src=\"https:\/\/www.rotuleseffrenees.com\/wp-content\/uploads\/2025\/06\/2021-06-12-CitMarcelis-004-200-1-1024x684.jpg\" alt=\"\" srcset=\"https:\/\/www.rotuleseffrenees.com\/wp-content\/uploads\/2025\/06\/2021-06-12-CitMarcelis-004-200-1-1024x684.jpg 1024w, https:\/\/www.rotuleseffrenees.com\/wp-content\/uploads\/2025\/06\/2021-06-12-CitMarcelis-004-200-1-300x200.jpg 300w, https:\/\/www.rotuleseffrenees.com\/wp-content\/uploads\/2025\/06\/2021-06-12-CitMarcelis-004-200-1-768x513.jpg 768w, https:\/\/www.rotuleseffrenees.com\/wp-content\/uploads\/2025\/06\/2021-06-12-CitMarcelis-004-200-1-1536x1026.jpg 1536w, https:\/\/www.rotuleseffrenees.com\/wp-content\/uploads\/2025\/06\/2021-06-12-CitMarcelis-004-200-1-2048x1367.jpg 2048w\" sizes=\"auto, (max-width: 706px) 89vw, (max-width: 767px) 82vw, 740px\" \/><\/figure>\r\n\r\n\r\n\r\n<figure class=\"wp-block-image size-large\"><img loading=\"lazy\" decoding=\"async\" width=\"1024\" height=\"684\" data-id=\"994\" class=\"wp-image-994\" src=\"https:\/\/www.rotuleseffrenees.com\/wp-content\/uploads\/2025\/06\/2021-06-12-CitMarcelis-004-207-1024x684.jpg\" alt=\"\" srcset=\"https:\/\/www.rotuleseffrenees.com\/wp-content\/uploads\/2025\/06\/2021-06-12-CitMarcelis-004-207-1024x684.jpg 1024w, https:\/\/www.rotuleseffrenees.com\/wp-content\/uploads\/2025\/06\/2021-06-12-CitMarcelis-004-207-300x200.jpg 300w, https:\/\/www.rotuleseffrenees.com\/wp-content\/uploads\/2025\/06\/2021-06-12-CitMarcelis-004-207-768x513.jpg 768w, https:\/\/www.rotuleseffrenees.com\/wp-content\/uploads\/2025\/06\/2021-06-12-CitMarcelis-004-207-1536x1026.jpg 1536w, https:\/\/www.rotuleseffrenees.com\/wp-content\/uploads\/2025\/06\/2021-06-12-CitMarcelis-004-207-2048x1367.jpg 2048w\" sizes=\"auto, (max-width: 706px) 89vw, (max-width: 767px) 82vw, 740px\" \/><\/figure>\r\n<\/figure>\r\n\r\n\r\n\r\n<p>cr\u00e9dit photo C\u00e9dric Nicolas et Julie de Bellaing<\/p>\r\n\r\n\r\n\r\n<div class=\"wp-block-buttons is-content-justification-center is-layout-flex wp-container-core-buttons-is-layout-16018d1d wp-block-buttons-is-layout-flex\">\r\n<div class=\"wp-block-button is-style-fill\"><a class=\"wp-block-button__link has-light-green-cyan-background-color has-text-color has-background wp-element-button\" style=\"color: #dd53ef;\" href=\"http:\/\/www.rotuleseffrenees.com\/wp-content\/uploads\/2021\/09\/Sacre-momans-dossier-rue.pdf\" target=\"_blank\" rel=\"noreferrer noopener\">le dossier complet<\/a><\/div>\r\n<\/div>\r\n\r\n\r\n\r\n<p>&nbsp;<\/p>\r\n\r\n\r\n\r\n<figure class=\"wp-block-embed is-type-video is-provider-youtube wp-block-embed-youtube wp-embed-aspect-4-3 wp-has-aspect-ratio\">\r\n<div class=\"wp-block-embed__wrapper\">https:\/\/www.youtube.com\/watch?v=PS5zrYcthMM<\/div>\r\n<\/figure>\r\n\r\n\r\n\r\n<p>&nbsp;<\/p>\r\n\r\n\r\n\r\n<p>cr\u00e9dit dossier : Yann Bonnin<\/p>\r\n","protected":false},"excerpt":{"rendered":"<p>SACRE M\u00d4MANS Spectacle tout public &#8211; clown dur\u00e9e : 45 minutes \u00e2ge : d\u00e8s 3 ans &nbsp; Marl\u00e8ne et Gladys \u00e9mergent de plusieurs mois \u00e0 pouponner. B\u00e9b\u00e9s par\u00e9s et landaus pimp\u00e9s, ces \u00ab\u00a0Sacr\u00e9 m\u00f4mans\u00a0\u00bb ont rendez-vous avec un spectacle paillettes et ann\u00e9es 80. &nbsp; Sacr\u00e9 m\u00f4mans aborde la maternit\u00e9. Avec humour et d\u00e9mesure, deux clownes &hellip; <\/p>\n<p class=\"link-more\"><a href=\"https:\/\/www.rotuleseffrenees.com\/index.php\/sacre-momans\/\" class=\"more-link\">Continuer la lecture<span class=\"screen-reader-text\"> de &laquo;&nbsp;SACRE M\u00d4MANS&nbsp;&raquo;<\/span><\/a><\/p>\n","protected":false},"author":1,"featured_media":983,"parent":0,"menu_order":0,"comment_status":"closed","ping_status":"closed","template":"","meta":{"footnotes":""},"class_list":["post-655","page","type-page","status-publish","has-post-thumbnail","hentry"],"_links":{"self":[{"href":"https:\/\/www.rotuleseffrenees.com\/index.php\/wp-json\/wp\/v2\/pages\/655","targetHints":{"allow":["GET"]}}],"collection":[{"href":"https:\/\/www.rotuleseffrenees.com\/index.php\/wp-json\/wp\/v2\/pages"}],"about":[{"href":"https:\/\/www.rotuleseffrenees.com\/index.php\/wp-json\/wp\/v2\/types\/page"}],"author":[{"embeddable":true,"href":"https:\/\/www.rotuleseffrenees.com\/index.php\/wp-json\/wp\/v2\/users\/1"}],"replies":[{"embeddable":true,"href":"https:\/\/www.rotuleseffrenees.com\/index.php\/wp-json\/wp\/v2\/comments?post=655"}],"version-history":[{"count":29,"href":"https:\/\/www.rotuleseffrenees.com\/index.php\/wp-json\/wp\/v2\/pages\/655\/revisions"}],"predecessor-version":[{"id":1080,"href":"https:\/\/www.rotuleseffrenees.com\/index.php\/wp-json\/wp\/v2\/pages\/655\/revisions\/1080"}],"wp:featuredmedia":[{"embeddable":true,"href":"https:\/\/www.rotuleseffrenees.com\/index.php\/wp-json\/wp\/v2\/media\/983"}],"wp:attachment":[{"href":"https:\/\/www.rotuleseffrenees.com\/index.php\/wp-json\/wp\/v2\/media?parent=655"}],"curies":[{"name":"wp","href":"https:\/\/api.w.org\/{rel}","templated":true}]}}