{"id":786,"date":"2022-10-20T11:59:22","date_gmt":"2022-10-20T09:59:22","guid":{"rendered":"http:\/\/www.rotuleseffrenees.com\/?page_id=786"},"modified":"2025-09-04T17:14:27","modified_gmt":"2025-09-04T15:14:27","slug":"calendrier-2","status":"publish","type":"page","link":"https:\/\/www.rotuleseffrenees.com\/index.php\/calendrier-2\/","title":{"rendered":"AGENDA"},"content":{"rendered":"\n<p class=\"has-text-color has-large-font-size\" style=\"color:#df059b\"><strong>&#8211; Sacr\u00e9 m\u00f4mans &#8211;<\/strong><\/p>\n\n\n\n<figure class=\"wp-block-image size-large\"><img loading=\"lazy\" decoding=\"async\" width=\"1728\" height=\"1080\" src=\"http:\/\/www.rotuleseffrenees.com\/wp-content\/uploads\/2023\/01\/Rideau-2-edited.jpg\" alt=\"\" class=\"wp-image-808\" srcset=\"https:\/\/www.rotuleseffrenees.com\/wp-content\/uploads\/2023\/01\/Rideau-2-edited.jpg 1728w, https:\/\/www.rotuleseffrenees.com\/wp-content\/uploads\/2023\/01\/Rideau-2-edited-300x188.jpg 300w, https:\/\/www.rotuleseffrenees.com\/wp-content\/uploads\/2023\/01\/Rideau-2-edited-1024x640.jpg 1024w, https:\/\/www.rotuleseffrenees.com\/wp-content\/uploads\/2023\/01\/Rideau-2-edited-768x480.jpg 768w, https:\/\/www.rotuleseffrenees.com\/wp-content\/uploads\/2023\/01\/Rideau-2-edited-1536x960.jpg 1536w\" sizes=\"auto, (max-width: 706px) 89vw, (max-width: 767px) 82vw, 740px\" \/><\/figure>\n\n\n\n<p class=\"has-black-color has-text-color\" style=\"font-size:20px\"><\/p>\n\n\n\n<p class=\"has-white-color has-text-color has-medium-font-size\"><strong>2025<\/strong><\/p>\n\n\n\n<p class=\"has-white-color has-text-color\">&#8211; 6 et 7 juin 2025 &#8211; Festival d&rsquo;Arts de Rue de Sion &#8211; (Suisse)<\/p>\n\n\n\n<p class=\"has-white-color has-text-color\">&#8211; 5 juillet 2025 &#8211; <a href=\"https:\/\/ciecirta.com\/festival-rue-cirta\/\">Festival Rue Cirta<\/a> &#8211; Langres &#8211; (Fr)<\/p>\n\n\n\n<p class=\"has-white-color has-text-color\">&#8211; 6 juillet 2025 &#8211; <a href=\"https:\/\/www.facebook.com\/p\/La-Ferme-Sur-Steppes-100080012713184\/?locale=fr_FR\">Ferm&rsquo;stival<\/a> &#8211; Fraipont  (Be)<\/p>\n\n\n\n<p class=\"has-white-color has-text-color\">&#8211; 16 et 17 ao\u00fbt 2025 &#8211; Cabaret Vert &#8211; Charleville Mezi\u00e8res (Fr)<\/p>\n\n\n\n<p class=\"has-white-color has-text-color\">&#8211; 30 ao\u00fbt 2025 &#8211; La F\u00eate du Grand Bois Commun &#8211; Hennuy\u00e8re (Be)<\/p>\n\n\n\n<p class=\"has-white-color has-text-color\">&#8211;  6 septembre 2025 &#8211; 19h30 &#8211; 44 rue Banning, \u00e0 Ixelles. Action M\u00e9decin du Monde (Be)<\/p>\n\n\n\n<p class=\"has-white-color has-text-color\">&#8211; 7 septembre 2025 &#8211; 14h &#8211; inauguration Maison des Associations, rue des Sables, 1 \u00e0 Maubray (Be)<\/p>\n\n\n\n<p class=\"has-black-color has-text-color\"><\/p>\n\n\n\n<p><\/p>\n\n\n\n<p class=\"has-white-color has-text-color has-medium-font-size\"><strong>2024<\/strong><\/p>\n\n\n\n<p class=\"has-white-color has-text-color\">&#8211; 23 juin 2024 &#8211; Festival R\u00eaves de Cirques &#8211; Chatillon sur Chalaronne (Fr)<\/p>\n\n\n\n<p class=\"has-white-color has-text-color\">&#8211; 24 et 25 ao\u00fbt 2024 &#8211; Festival Herisson Sous Gazon &#8211; Charrat (Suisse)<\/p>\n\n\n\n<p class=\"has-white-color has-text-color\">&#8211; 14 et 15 septembre 2024 &#8211; Festival Festin de Rue &#8211; Saint-Jean-de-V\u00e9das (Fr)<\/p>\n\n\n\n<p class=\"has-white-color has-text-color\" style=\"font-size:16px\">&#8211; 25 septembre 2024 &#8211; 18h30 &#8211; Archipel 19 &#8211; Berchem-Sainte-Agathe<\/p>\n\n\n\n<p class=\"has-white-color has-text-color\" style=\"font-size:16px\">&#8211; 28 septembre 2024 &#8211; 15h30 &#8211; F\u00eate de la F\u00e9d\u00e9ration Wallonie Bruxelles &#8211; Escale du Nord (Scheut), Anderlecht. <\/p>\n\n\n\n<p class=\"has-white-color has-text-color\" style=\"font-size:16px\">&#8211; 25 octobre 2024 &#8211; Maison de la la\u00efcit\u00e9 &#8211; Ath <\/p>\n\n\n\n<p class=\"has-white-color has-text-color\" style=\"font-size:16px\">&#8211; 9 novembre 2024 &#8211; Picardie La\u00efque &#8211; La Louvi\u00e8re<\/p>\n\n\n\n<p class=\"has-white-color has-text-color\" style=\"font-size:16px\">&#8211; 16 novembre 2024 &#8211; 13h et 17h &#8211; Ecole de Cirque de Bruxelles dans le Cadre de Esp\u00e8ces de Clown.e.s, festival s\u00e9rieux des arts idiots. <\/p>\n\n\n\n<p class=\"has-black-color has-text-color has-medium-font-size\" style=\"font-size:16px\"><\/p>\n\n\n\n<p><\/p>\n\n\n\n<p class=\"has-white-color has-text-color has-medium-font-size\"><strong>2023<\/strong><\/p>\n\n\n\n<p class=\"has-white-color has-text-color\">&#8211; 1er mai 2023 \/\/ 15h &#8211; <a href=\"https:\/\/www.festivalcrescendo.be\/\">Festival Petit Crescendo<\/a> &#8211; Domaine Saint Roch, 5660 Couvin<\/p>\n\n\n\n<p class=\"has-white-color has-text-color\">&#8211; 20 mai 2023 \/\/ 17h &#8211; <a href=\"https:\/\/laguimbarde.be\/pepites-2023\/#charleroi-ville-bebes-admis\">Festival P\u00e9pites<\/a> \u2013 Th\u00e9\u00e2tre de la Guimbarde, rue du Mouton Blanc 10<br>6000 Charleroi <\/p>\n\n\n\n<p class=\"has-white-color has-text-color\">&#8211; 27 mai 2023 \/\/ 15h &#8211; <a href=\"https:\/\/www.lecap.brussels\/event-details\/parc-des-resedas-en-fete\">R\u00e9s\u00e9das en f\u00eate<\/a>, Le Cap\/Cie Ah Mon Amour, Parc des R\u00e9s\u00e9das, 1070 Bruxelles<\/p>\n\n\n\n<p class=\"has-white-color has-text-color\">&#8211; 10 juin 2023 \/\/ 17h30 &#8211; <a href=\"https:\/\/missterre.be\/le-festival-miss-terre\/\">Festival Miss Terre<\/a>, rue de l&rsquo;Eglise Saint-Remy, 5300 Landenne<\/p>\n\n\n\n<p class=\"has-white-color has-text-color\">&#8211; 2 juillet 2023 \/\/ 16h &#8211; <a href=\"https:\/\/bequal.be\/\">B=EQUAL festival<\/a>, Grand Hospice, 1000 Bruxelles<\/p>\n\n\n\n<p class=\"has-white-color has-text-color\">&#8211; 9 juillet 2023 \/\/ &#8211; <a href=\"https:\/\/www.lasemo.be\/fr\/les-mondes\/\">Festival La Semo<\/a>, Parc d&rsquo;Enghien, 7850 Enghien<\/p>\n\n\n\n<p class=\"has-white-color has-text-color\">&#8211; du 19 au 23 juillet 2023 \/\/ <a href=\"https:\/\/www.chalondanslarue.com\">Festival CHALON DANS LA RUE<\/a>, Cour Belge, Square Chabas, 71000 Chalon sur Sa\u00f4ne<\/p>\n\n\n\n<p class=\"has-white-color has-text-color\">&#8211; 30 juillet 2023 \/\/ &#8211;<a href=\"http:\/\/ccblc.be\/\"> Festival du Coq \u00e0 L\u2019\u00c2ne<\/a> \u2013 Ferme du Planois, Rue de la Chapelle au Foya 22, 7090 Hennuy\u00e8res<\/p>\n\n\n\n<p class=\"has-white-color has-text-color\">&#8211; 19 ao\u00fbt 2023 \/\/ &#8211; <a href=\"https:\/\/www.theatredelarenaissance.be\/estivale-2023\">Festival L&rsquo;Estivale<\/a>, Th\u00e9\u00e2tre de la Renaissance, rue de la Lib\u00e9ration 7, 4100 Seraing<\/p>\n\n\n\n<p class=\"has-white-color has-text-color\">&#8211; 24 septembre \/\/ 11h et 15h &#8211; <a href=\"https:\/\/tubizeculture.be\/fr\/home.html\">Centre culturel Tubize<\/a>, Boulevard Georges Deryck 124, 1480 Tubize<\/p>\n\n\n\n<p class=\"has-text-align-center has-black-color has-text-color\">                                                                        <\/p>\n\n\n\n<p class=\"has-text-align-center has-white-color has-text-color\">&#8230;&#8230;&#8230;&#8230;&#8230;&#8230;&#8230;&#8230;&#8230;&#8230;&#8230;&#8230;&#8230;&#8230;.<\/p>\n\n\n\n<p class=\"has-white-color has-text-color\"><strong>dates pass\u00e9es<\/strong><\/p>\n\n\n\n<p class=\"has-white-color has-text-color\">&#8211; le 1er octobre 2022 &#8211; Festival des Tailleurs, Ecaussinnes<span style=\"color:#0693e3\" class=\"tadv-color\"><\/span> (Be)<\/p>\n\n\n\n<p class=\"has-white-color has-text-color\">&#8211; le 10 septembre 2022 &#8211; Cirque Au Balcon &#8211; La Roseraie Bruxelles (Be)<\/p>\n\n\n\n<p class=\"has-white-color has-text-color\">&#8211; le 23 juillet 2022 &#8211; Parc de Villerot, Centre culturel de Saint-Ghislain (Be)<\/p>\n\n\n\n<p class=\"has-white-color has-text-color\">&#8211; le 2 juillet 2022 &#8211; Festival des Tchafornis, Engis (Be)<\/p>\n\n\n\n<p class=\"has-white-color has-text-color\">&#8211; le 1er juillet 2022 &#8211; L\u2019\u00c9cheveau, service culturel de l&rsquo;h\u00f4pital Saint Jean de Dieu, Leuze (Be)<\/p>\n\n\n\n<p class=\"has-white-color has-text-color\">&#8211; le 26 juin 2022 &#8211; CPAS de Fontaine l\u2019\u00c9v\u00eaque (Be)<\/p>\n\n\n\n<p class=\"has-white-color has-text-color\">&#8211; le 25 juin 2022 &#8211; Sauterelles festival, Soignies (Be)<\/p>\n\n\n\n<p class=\"has-white-color has-text-color\">&#8211; le 11 juin 2022 &#8211; Festival des Murs \u00e0 P\u00eaches, Montreuil (Fr) <\/p>\n\n\n\n<p class=\"has-white-color has-text-color\">&#8211; le 25 mai 2022 &#8211; Festival Sortil\u00e8ges rue et vous, Ath (Be)<\/p>\n\n\n\n<p class=\"has-white-color has-text-color\">&#8211; le 21 mai 2022 &#8211; Mal de M\u00e8res, Namur &#8211; Journ\u00e9e \u00e0 l&rsquo;initiative du r\u00e9seau wallon pour la sant\u00e9 des femmes (Be)<\/p>\n\n\n\n<p class=\"has-white-color has-text-color\">&#8211; le 8 mai 2022 &#8211; Festival des Arts, Seneffe (Be)<\/p>\n\n\n\n<p class=\"has-white-color has-text-color\">&#8211; le 10 mars 2022 &#8211; MC Cit\u00e9 Miroir, Laeken (Be)<\/p>\n\n\n\n<p class=\"has-white-color has-text-color\">&#8211; le 27 novembre 2021 &#8211; La Roseraie &#8211; Bruxelles (Be)<\/p>\n\n\n\n<p class=\"has-white-color has-text-color\">&#8211; le 9 novembre 2021 &#8211; Centre des Arts de Rue, Ath (Be)<\/p>\n\n\n\n<p class=\"has-white-color has-text-color\">&#8211; le 5 septembre 2021 &#8211; \u00e0 Ath en partenariat avec le Th\u00e9\u00e2tre National (Be)<\/p>\n\n\n\n<p class=\"has-white-color has-text-color\">&#8211; le 21 ao\u00fbt 2021 &#8211; Fours-\u00e0-chaux &#8211; Tournai (Be)<\/p>\n\n\n\n<p class=\"has-white-color has-text-color\">&#8211; les 10 et 11 juillet 2021 &#8211; Bitume Festival &#8211; Hives (Be)<\/p>\n\n\n\n<p class=\"has-white-color has-text-color\">&#8211; le 13 juin 2021 &#8211; foyer culturel de Beloeil (Be)<\/p>\n\n\n\n<p class=\"has-white-color has-text-color\">&#8211; le 12 juin 2021 &#8211; cour du Petit Th\u00e9\u00e2tre Mercelis &#8211; Bruxelles (Be)<\/p>\n\n\n\n<p><\/p>\n\n\n\n<p class=\"has-large-font-size\"><\/p>\n\n\n\n<h1 class=\"wp-block-heading has-large-font-size\"><strong>&#8211; Le Mus\u00e9e des Monstres Sacr\u00e9s du Rock &#8211;<\/strong><\/h1>\n\n\n\n<figure class=\"wp-block-image size-large\"><img loading=\"lazy\" decoding=\"async\" width=\"1024\" height=\"576\" src=\"http:\/\/www.rotuleseffrenees.com\/wp-content\/uploads\/2020\/02\/RUSH_SYNC.00_38_24_14.Still008-1024x576.jpg\" alt=\"\" class=\"wp-image-528\" srcset=\"https:\/\/www.rotuleseffrenees.com\/wp-content\/uploads\/2020\/02\/RUSH_SYNC.00_38_24_14.Still008-1024x576.jpg 1024w, https:\/\/www.rotuleseffrenees.com\/wp-content\/uploads\/2020\/02\/RUSH_SYNC.00_38_24_14.Still008-300x169.jpg 300w, https:\/\/www.rotuleseffrenees.com\/wp-content\/uploads\/2020\/02\/RUSH_SYNC.00_38_24_14.Still008-768x432.jpg 768w\" sizes=\"auto, (max-width: 706px) 89vw, (max-width: 767px) 82vw, 740px\" \/><\/figure>\n\n\n\n<p><\/p>\n\n\n\n<p class=\"has-medium-font-size\"><strong>2023<\/strong><\/p>\n\n\n\n<p>&#8211; 18 juin 2023 &#8211; Maison de la Marionnette &#8211; Tournai<\/p>\n\n\n\n<p>&#8211; 1er juillet 2023 &#8211; Festival Li\u00e8ge<\/p>\n\n\n\n<p>&#8211; 14 et 15 juillet 2023 &#8211; Festival les Arts J&rsquo;entends, Argentan (Fr)<\/p>\n\n\n\n<p>&#8211; 19 ao\u00fbt 2023 &#8211; Festival Estivale, Th\u00e9\u00e2tre de la Renaissance &#8211; Seraing<\/p>\n\n\n\n<p><\/p>\n\n\n\n<p class=\"has-text-align-center\">&#8230;&#8230;&#8230;&#8230;&#8230;&#8230;&#8230;&#8230;&#8230;&#8230;&#8230;&#8230;&#8230;&#8230;&#8230;&#8230;&#8230;&#8230;<\/p>\n\n\n\n<p><strong>dates pass\u00e9es<\/strong><\/p>\n\n\n\n<p>\u00b0 8, 9, 10 juillet 2022 &#8211; Festival Sortie de Bain &#8211; Granville (Fr)<\/p>\n\n\n\n<p>\u00b0 25 juin 2022 &#8211; F\u00eate des Petits Pois &#8211; Clamart (Fr)<\/p>\n\n\n\n<p>\u00b0 oct 2021 &#8211; La F\u00eate des Hurlus \u2013 Mouscron (Be)<\/p>\n\n\n\n<p>\u00b0 novembre 2020 &#8211; 1\u00e8res nuit de la marionnette (Marionnet\u2019Ic) \u2013 Binic (Fr) \u2013 ANNUL\u00c9<\/p>\n\n\n\n<p>\u00b0 octobre 2020 &#8211; La Quinzaine du Rock (Atrium 57) \u2013 Gembloux (Be)<\/p>\n\n\n\n<p>\u00b0 Septembre 2020 &#8211; F\u00eates votre rentr\u00e9e (CC Escale du Nord) \u2013 Anderlecht (Be) <\/p>\n\n\n\n<p>\u00b0 septembre 2020 &#8211; Festival de la marionnette \u2013 Houffalize (Be) <\/p>\n\n\n\n<p>\u00b0 juillet 2020 &#8211; Festival Sorties de Bain \u2013 Granville (Fr) \u2013 ANNUL\u00c9<\/p>\n\n\n\n<p>\u00b0 octobre 2019 &#8211; Festival Les tailleurs \u2013 Ecaussines (Fr) <\/p>\n\n\n\n<p>\u00b0 septembre 2019 &#8211; Festival de la Marionnette de Charleville M\u00e9zi\u00e8res &#8211; Panique au Parc (Fr)<\/p>\n\n\n\n<p>\u00b0 juillet 2019 &#8211; Festival Bitume \u2013 Petit Thiers (Be)<\/p>\n\n\n\n<p>\u00b0 juin 2019 &#8211; Festival Les Tchafornis \u2013 Engis (Be) <\/p>\n\n\n\n<p>\u00b0 juin 2019 &#8211; Festival Les Rutilants \u2013 Oignies (Fr) <\/p>\n\n\n\n<p>\u00b0 juin 2019 &#8211; Les Petites Pauses Po\u00e9tiques \u2013 Rennes (Fr) <\/p>\n\n\n\n<p>\u00b0 octobre 2018 &#8211; Verrery Super Braine \u2013 Braine le Comte (Be) <\/p>\n\n\n\n<p>\u00b0 ao\u00fbt 2018 -Th\u00e9\u00e2tre de Verdure \u2013 Vagney (Fr) <\/p>\n\n\n\n<p>\u00b0 juin 2018 &#8211;  Les Artoizes \u2013 Rouveroy (Fr) <\/p>\n\n\n\n<p>\u00b0 juin 2018 &#8211; La grande F\u00eate du projet D \u2013 Mesnay (Fr)<\/p>\n\n\n\n<p>\u00b0 mai 2018 &#8211; Festival Sortil\u00e8ges \u2013 Ath (Be)<\/p>\n\n\n\n<p>\u00b0 ao\u00fbt 2014, 2015, 2016, 2017 &#8211; Festival musical Cabaret Vert \u2013 Charleville M\u00e9zi\u00e8res (fr)<\/p>\n","protected":false},"excerpt":{"rendered":"<p>&#8211; Sacr\u00e9 m\u00f4mans &#8211; 2025 &#8211; 6 et 7 juin 2025 &#8211; Festival d&rsquo;Arts de Rue de Sion &#8211; (Suisse) &#8211; 5 juillet 2025 &#8211; Festival Rue Cirta &#8211; Langres &#8211; (Fr) &#8211; 6 juillet 2025 &#8211; Ferm&rsquo;stival &#8211; Fraipont (Be) &#8211; 16 et 17 ao\u00fbt 2025 &#8211; Cabaret Vert &#8211; Charleville Mezi\u00e8res (Fr) &#8211; &hellip; <\/p>\n<p class=\"link-more\"><a href=\"https:\/\/www.rotuleseffrenees.com\/index.php\/calendrier-2\/\" class=\"more-link\">Continuer la lecture<span class=\"screen-reader-text\"> de &laquo;&nbsp;AGENDA&nbsp;&raquo;<\/span><\/a><\/p>\n","protected":false},"author":1,"featured_media":0,"parent":0,"menu_order":0,"comment_status":"closed","ping_status":"closed","template":"","meta":{"footnotes":""},"class_list":["post-786","page","type-page","status-publish","hentry"],"_links":{"self":[{"href":"https:\/\/www.rotuleseffrenees.com\/index.php\/wp-json\/wp\/v2\/pages\/786","targetHints":{"allow":["GET"]}}],"collection":[{"href":"https:\/\/www.rotuleseffrenees.com\/index.php\/wp-json\/wp\/v2\/pages"}],"about":[{"href":"https:\/\/www.rotuleseffrenees.com\/index.php\/wp-json\/wp\/v2\/types\/page"}],"author":[{"embeddable":true,"href":"https:\/\/www.rotuleseffrenees.com\/index.php\/wp-json\/wp\/v2\/users\/1"}],"replies":[{"embeddable":true,"href":"https:\/\/www.rotuleseffrenees.com\/index.php\/wp-json\/wp\/v2\/comments?post=786"}],"version-history":[{"count":42,"href":"https:\/\/www.rotuleseffrenees.com\/index.php\/wp-json\/wp\/v2\/pages\/786\/revisions"}],"predecessor-version":[{"id":1014,"href":"https:\/\/www.rotuleseffrenees.com\/index.php\/wp-json\/wp\/v2\/pages\/786\/revisions\/1014"}],"wp:attachment":[{"href":"https:\/\/www.rotuleseffrenees.com\/index.php\/wp-json\/wp\/v2\/media?parent=786"}],"curies":[{"name":"wp","href":"https:\/\/api.w.org\/{rel}","templated":true}]}}